
{"id":761,"date":"2022-11-21T08:03:53","date_gmt":"2022-11-21T08:03:53","guid":{"rendered":"http:\/\/www.growinlove.ie\/?page_id=761"},"modified":"2022-11-21T10:03:03","modified_gmt":"2022-11-21T10:03:03","slug":"for-parishes","status":"publish","type":"page","link":"https:\/\/www.growinlove.ie\/ga\/for-parishes\/","title":{"rendered":"Do Shagairt agus d\u2019Oibrithe Par\u00f3iste"},"content":{"rendered":"<p><\/p>\n<p style=\"text-align: center;\">\u00a0<strong><em>I nGr\u00e1 D\u00e9<\/em><\/strong><\/p>\n<p style=\"text-align: center;\">T\u00fas eolais do Shagairt agus d\u2019Oibrithe Par\u00f3iste<\/p>\n<p>F\u00e1ilte chuig l\u00e1ithre\u00e1n gr\u00e9as\u00e1in <em>I nGr\u00e1 D\u00e9<\/em>. T\u00e1 s\u00fail againn go dtabharfaidh an leathanach seo roinnt eolais duit faoin sraith <em>I nGr\u00e1 D\u00e9<\/em>.<\/p>\n<p>Is \u00e9 <em>I nGr\u00e1 D\u00e9 <\/em>an sraith nua Oideachas Reiligi\u00fanach do bhunscoileanna Caitliceacha. T\u00e1 s\u00e9 bunaithe ar <em>Catholic Preschool and Primary Religious Education Curriculum for Ireland<\/em>. Fuair an curaclam nua seo faomhadh \u00f3 Chomhdh\u00e1il Easpag Caitliceach na h\u00c9ireann agus tugadh recognitio don churaclam \u00f3n Su\u00ed Naofa in 2015.<\/p>\n<p>\u00das\u00e1ideann <em>I nGr\u00e1 D\u00e9<\/em> modheola\u00edochta\u00ed leanbh-chairdi\u00fala chun teagasc Cr\u00edosta\u00ed, Scriopt\u00far, m\u00f3r\u00e1ltacht agus urna\u00ed a mh\u00faineadh do leana\u00ed. D\u00e9anann s\u00e9 iarracht d\u00e1ir\u00edre teagmh\u00e1il a dh\u00e9anamh leis na tuismitheoir\u00ed tr\u00ed leabhar na bp\u00e1ist\u00ed, agus iarrtar orthu gach re leathanach a dh\u00e9anamh mar theaghlach sa bhaile.<\/p>\n<p>Cuid\u00edonn <em>I nGr\u00e1 D\u00e9<\/em> le p\u00e1ist\u00ed freisin, a bheith aireach go mbaineann siad le teaghlach an phar\u00f3iste. I Na\u00edon\u00e1in Sh\u00f3isearacha\/Bunscoil 1, m\u00edn\u00edtear do na p\u00e1ist\u00ed go dt\u00e9ann teaghlach D\u00e9 go dt\u00ed an s\u00e9ip\u00e9al chun gu\u00ed. \u00d3 Rang a hAon\/Bunscoil 3 tugtar cabhair do na p\u00e1ist\u00ed foghlaim faoi shacraimint an Athmhuintearais agus an Chomaoineach Naofa. N\u00ed chuirtear an bh\u00e9im ar ch\u00e9ad cheili\u00faradh na sacraimint\u00ed seo, ach ar an bhf\u00edric go nd\u00e9antar na sacraimint\u00ed seo a cheili\u00faradh go rialta i dteaghlach an phar\u00f3iste, agus go bhfuil na p\u00e1ist\u00ed r\u00e9idh chun p\u00e1irt a ghlacadh iontu anois.<\/p>\n<p>D&#8217;fhonn nasc nithi\u00fail a choth\u00fa idir an scoil agus an par\u00f3iste, molaimid go nd\u00e9anfadh sagairt agus oibrithe par\u00f3iste cuairteanna rialta ar sheomra\u00ed ranga i mbunscoileanna Caitliceacha. Chun cabhr\u00fa leat\/libh \u00e9 seo a dh\u00e9anamh, t\u00e1 an foilseach\u00e1n seo a leanas ar f\u00e1il \u00f3 Veritas: <em>Grow in Love: A Guide for Priests and Parish Workers when Visiting Classrooms.<\/em><\/p>\n<p><em>\u00a0<\/em><\/p>\n<p>T\u00e1 beala\u00ed eile inar f\u00e9idir le sagairt agus oibrithe par\u00f3iste taca\u00edocht a thabhairt do Oideachas Reiligi\u00fanach i mbunscoileanna Caitliceacha:<\/p>\n<ul>\n<li>T\u00e1 gach cl\u00e1r in <em>I nGr\u00e1 D\u00e9<\/em> roinnte i dT\u00e9ama\u00ed. T\u00e1 thart ar deich gcinn de th\u00e9ama\u00ed le d\u00e9anamh i ngach rang gach bliain. Cr\u00edochna\u00edonn gach t\u00e9ama le seirbh\u00eds urna\u00ed. Is f\u00e9idir leis an m\u00fainteoir \u00e9 seo a sti\u00faradh ach is f\u00e9idir le hionada\u00ed par\u00f3iste \u00e9 a sti\u00faradh freisin. D\u00e9an comhr\u00e1 leis an m\u00fainteoir ranga faoi seo. Is f\u00e9idir leis an tseirbh\u00eds urna\u00ed a eagr\u00fa sa scoil n\u00f3 sa s\u00e9ip\u00e9al.<\/li>\n<li>De r\u00e9ir mar a fhoghlaim\u00edonn na p\u00e1ist\u00ed mar gheall ar an s\u00e9ip\u00e9al i ngach cl\u00e1r de <em>I nGr\u00e1 D\u00e9<\/em>, t\u00e1 deis ann chun p\u00e1ist\u00ed a thabhairt go dt\u00ed an s\u00e9ip\u00e9al, agus turas eolais ar an bhfoirgneamh a eagr\u00fa d\u00f3ibh. Ar\u00eds, d\u00e9an comhr\u00e1 leis an m\u00fainteoir ranga chun a l\u00e9ith\u00e9id de chuairt a eagr\u00fa. Cuimhnigh ar na soith\u00ed naofa, \u00e9ide, srl a thaispe\u00e1int do na p\u00e1ist\u00ed.<\/li>\n<li>C\u00e9 go bhfuil rannph\u00e1irt\u00edocht na dtuismitheoir\u00ed riachtanach ag gach leibh\u00e9al ranga, b\u00edonn teaglaigh feasach as a bhfreagracht ag amanna ullmh\u00fach\u00e1in sacraimint\u00ed. Seo am tr\u00e1th\u00fail chun baint a bheith ag tuismitheoir\u00ed, mar shampla i gcl\u00e1ir ullmh\u00fach\u00e1in sacraimint\u00ed, par\u00f3iste-bhunaithe, ar n\u00f3s an chl\u00e1ir <em>Do This in Memory<\/em>. I measc smaointe eile do phar\u00f3ist\u00ed t\u00e1:<\/li>\n<\/ul>\n<p>o Foireann a bhun\u00fa chun treoir a thabhairt maidir le hullmh\u00fa agus ceili\u00faradh Sacraimint an Athmhuintearais agus an Ch\u00e9ad Chomaoineach.<\/p>\n<p>o Cruinni\u00fa a eagr\u00fa ag t\u00fas na scoilbhliana do thuismitheoir\u00ed\/caomhn\u00f3ir\u00ed agus ionadaithe scoile.<\/p>\n<p>o Scr\u00edobh chuig gach tuismitheoir\/caomhn\u00f3ir chun iad a spreagadh p\u00e1irt a ghlacadh san Eocairist agus aon tionscnaimh phar\u00f3iste eile do theaghlaigh.<\/p>\n<p>o Gr\u00fapa a eagr\u00fa chun cuairt a thabhairt ar na teaghlaigh a bhfuil a bp\u00e1ist\u00ed ag ullmh\u00fa le haghaidh Ch\u00e9ad Chomaoineach.<\/p>\n<p>o Criunni\u00fa a eagr\u00fa mar ullmh\u00fach\u00e1n do ch\u00e9ad cheili\u00faradh Sacraimint an Athmhuintearais nuair a mh\u00edn\u00edtear diagacht agus spiorad\u00e1ltacht na sacraiminte.<\/p>\n<p>o Criunni\u00fa a eagr\u00fa mar ullmh\u00fach\u00e1n don Ch\u00e9ad Chomaoineach nuair a mh\u00edn\u00edtear diagacht agus spiorad\u00e1ltacht na sacraiminte.<\/p>\n<p>N\u00f3ta deiridh: Tugann roinnt par\u00f3ist\u00ed taca\u00edocht do leana\u00ed Caitliceacha a fhreastala\u00edonn ar scoileanna nach scoileanna Caitliceacha iad, tr\u00ed ranganna in Oideachas Reiligi\u00fanach a shol\u00e1thar i ndiaidh am scoile. N\u00edl na ranganna seo teoranta do amanna ullmh\u00fach\u00e1in sacraimint\u00ed, c\u00e9 gur ag am glacadh sacraimint\u00ed a mb\u00edonn tuismitheoir\u00ed feasach orthu. T\u00e1 a n-acmhainn\u00ed f\u00e9in curtha le ch\u00e9ile ag na m\u00fainteoir\u00ed a eagra\u00edonn na ranganna seo. Le foilsi\u00fa <em>I nGr\u00e1 D\u00e9<\/em>, t\u00e1 cl\u00e1r comhthreomhar curtha ar f\u00e1il do mhic l\u00e9inn Caitliceacha a fhreastala\u00edonn ar scoileanna nach scoileanna Caitliceacha iad. Is g\u00e1 d\u00f3ibh si\u00fad a mh\u00faineann na ranganna seo trealamh don mh\u00fainteoir a cheannach \u00f3 Veritas. Laistigh den trealamh seo, t\u00e1 c\u00f3d iontr\u00e1la chuig leathanaigh acmhainn\u00ed an mh\u00fainteora ar l\u00e1ithre\u00e1n gr\u00e9as\u00e1in <em>I nGr\u00e1 D\u00e9<\/em>. Ar an l\u00e1ithre\u00e1n seo is f\u00e9idir le m\u00fainteoir\u00ed teacht ar an gcl\u00e1r do leana\u00ed Caitliceacha a fhreastala\u00edonn ar scoileanna nach scoileanna Caitliceacha iad.<\/p>","protected":false},"excerpt":{"rendered":"<p>\u00a0I nGr\u00e1 D\u00e9 T\u00fas eolais do Shagairt agus d\u2019Oibrithe Par\u00f3iste F\u00e1ilte chuig l\u00e1ithre\u00e1n gr\u00e9as\u00e1in I nGr\u00e1 D\u00e9. T\u00e1 s\u00fail againn go dtabharfaidh an leathanach seo roinnt eolais duit faoin sraith I nGr\u00e1 D\u00e9. Is \u00e9 I nGr\u00e1 D\u00e9 an sraith nua Oideachas Reiligi\u00fanach do bhunscoileanna Caitliceacha. T\u00e1 s\u00e9 bunaithe ar Catholic Preschool and Primary Religious [&hellip;]<\/p>\n","protected":false},"author":1,"featured_media":0,"parent":0,"menu_order":0,"comment_status":"closed","ping_status":"open","template":"","meta":{"_acf_changed":false,"footnotes":""},"class_list":["post-761","page","type-page","status-publish","hentry"],"acf":[],"_links":{"self":[{"href":"https:\/\/www.growinlove.ie\/ga\/wp-json\/wp\/v2\/pages\/761","targetHints":{"allow":["GET"]}}],"collection":[{"href":"https:\/\/www.growinlove.ie\/ga\/wp-json\/wp\/v2\/pages"}],"about":[{"href":"https:\/\/www.growinlove.ie\/ga\/wp-json\/wp\/v2\/types\/page"}],"author":[{"embeddable":true,"href":"https:\/\/www.growinlove.ie\/ga\/wp-json\/wp\/v2\/users\/1"}],"replies":[{"embeddable":true,"href":"https:\/\/www.growinlove.ie\/ga\/wp-json\/wp\/v2\/comments?post=761"}],"version-history":[{"count":0,"href":"https:\/\/www.growinlove.ie\/ga\/wp-json\/wp\/v2\/pages\/761\/revisions"}],"wp:attachment":[{"href":"https:\/\/www.growinlove.ie\/ga\/wp-json\/wp\/v2\/media?parent=761"}],"curies":[{"name":"wp","href":"https:\/\/api.w.org\/{rel}","templated":true}]}}