
{"id":758,"date":"2016-08-04T12:03:19","date_gmt":"2016-08-04T12:03:19","guid":{"rendered":"http:\/\/www.growinlove.ie\/?page_id=758"},"modified":"2019-02-18T09:45:08","modified_gmt":"2019-02-18T09:45:08","slug":"for-parents","status":"publish","type":"page","link":"https:\/\/www.growinlove.ie\/ga\/for-parents\/","title":{"rendered":"Do Thuismitheoir\u00ed agus Teaghlaigh"},"content":{"rendered":"<p><\/p>\n<p style=\"text-align: center;\">\u00a0<strong><em>I nGr\u00e1 D\u00e9<\/em><\/strong><\/p>\n<p style=\"text-align: center;\">T\u00fas eolais do Thuismitheoir\u00ed agus Teaghlaigh<\/p>\n<p>F\u00e1ilte chuig l\u00e1ithre\u00e1n gr\u00e9as\u00e1in <em>I nGr\u00e1 D\u00e9<\/em>. T\u00e1 s\u00fail againn go dtabharfaidh an leathanach seo roinnt eolais duit faoin sraith <em>I nGr\u00e1 D\u00e9<\/em>.<\/p>\n<p>M\u00e1 t\u00e1 do ph\u00e1iste ag baint \u00fas\u00e1id as <em>I nGr\u00e1 D\u00e9<\/em> ar scoil, t\u00e1 s\u00e9\/s\u00ed ag freastal ar scoil Chaitliceach is d\u00f3cha. I scoileanna Caitliceacha, caitheann p\u00e1ist\u00ed roinnt ama gach l\u00e1 ag foghlaim faoi Dhia. Tugtar Oideachas Reiligi\u00fanach ar an \u00e1bhar seo. T\u00e1 an m\u00e9id a mh\u00faintear do ph\u00e1ist\u00ed in Oideachas Reiligi\u00fanach leagtha amach i bhfoilseach\u00e1n ar a dtugtar: <em>Catholic Preschool and Primary Religious Education Curriculum for Ireland<\/em>. Is f\u00e9idir leat tuilleadh a fhoghlaim faoin churaclam seo tr\u00ed chlice\u00e1il <a href=\"http:\/\/www.veritasbooksonline.com\/religious-education\/re-curriculum-for-ireland.html\">anseo.<\/a><\/p>\n<p>T\u00e1 na nithe seo a leanas ar f\u00e1il sa chl\u00e1r <em>I nGr\u00e1 D\u00e9<\/em>: sc\u00e9alta, d\u00e1nta, eala\u00edn, dr\u00e1ma\u00edocht agus gn\u00edomha\u00edochta\u00ed ceoil \u2013 na nithe seo ar fad ceapaithe chun cabhr\u00fa le do ph\u00e1iste foghlaim faoi Dhia. Ba mhaith linn agus is g\u00e1 duit a bheith p\u00e1irteach san fhoghlaim seo. T\u00e1 leabhar do ph\u00e1iste <em>I nGr\u00e1 D\u00e9<\/em> leagtha amach sa chaoi go bhfuil dh\u00e1 leathanach le d\u00e9anamh gach seachtain. D\u00e9anfaidh do ph\u00e1iste leathanach amh\u00e1in ar scoil, agus tugtar cuireadh duit an leathanach eile a dh\u00e9anamh le do ph\u00e1iste sa bhaile. I measc na ruda\u00ed a iarrfar oraibh a dh\u00e9anamh le ch\u00e9ile t\u00e1:<\/p>\n<ul>\n<li>Athinsint a dh\u00e9anamh ar sc\u00e9al a chuala do ph\u00e1iste ar scoil &#8211; ar n\u00f3s sc\u00e9al \u00f3n mB\u00edobla, n\u00f3 sc\u00e9al naoimh ar n\u00f3s Naomh P\u00e1draig.<\/li>\n<li>L\u00edn\u00edocht a dh\u00e9anamh n\u00f3 picti\u00far a dhath\u00fa &#8211; bunaithe ar an m\u00e9id a chuala do ph\u00e1iste ar scoil, ar n\u00f3s sc\u00e9al na Nollag n\u00f3 sc\u00e9al na C\u00e1sca.<\/li>\n<li>Paidir a r\u00e1 le ch\u00e9ile. T\u00e1 focail na bpaidreacha go l\u00e9ir a bheidh \u00e1 foghlaim ag do ph\u00e1iste liostaithe ar ch\u00fal leabhar an ph\u00e1iste taobh istigh den chl\u00fadach.<\/li>\n<li>Comhr\u00e1 a dh\u00e9anamh faoi do ph\u00e1iste, a gcairde, a gcuid moth\u00fach\u00e1n, do theaghlach, srl. Ar\u00eds, bainfidh an comhr\u00e1 seo leis an m\u00e9id a rinne do ph\u00e1iste ar scoil i rith na seachtaine.<\/li>\n<\/ul>\n<p>I ngach rud, Oideachas Reiligi\u00fanach ina measc, is tusa an ch\u00e9ad mh\u00fainteoir agus an m\u00fainteoir is fearr at\u00e1 ag do ph\u00e1iste. An m\u00e9id a dh\u00e9antar ar scoil cuireann s\u00e9 agus comhl\u00e1na\u00edonn s\u00e9 an m\u00e9id a dh\u00e9anann t\u00fa sa bhaile. Sin \u00e9 an f\u00e1th go bhfuil <em>I nGr\u00e1 D\u00e9<\/em> deartha le h\u00fas\u00e1id ar scoil agus sa bhaile. Sol\u00e1thra\u00edonn s\u00e9 naisc le pobal \u00e1iti\u00fail an phar\u00f3iste freisin.<\/p>\n<p>Tugann <em>I nGr\u00e1 D\u00e9<\/em> deis duit, an creideamh a roghnaigh t\u00fa do do ph\u00e1iste ag an mBaisteadh, a mh\u00faineadh d\u00f3\/di. Seo a leanas roinnt ruda\u00ed simpl\u00ed gur f\u00e9idir leat a dh\u00e9anamh sa bhaile chun cabhr\u00fa le do ph\u00e1iste f\u00e1s sa chreideamh:<\/p>\n<ul>\n<li>Cruthaigh \u2018Sp\u00e1s Urna\u00ed\u2019 i seomra leapa do ph\u00e1iste ag \u00fas\u00e1id earra\u00ed reiligi\u00fanacha ar n\u00f3s cros\/cros ch\u00e9asta, uisce coisricthe, coinneal, srl. Beidh taith\u00ed ag do ph\u00e1iste ar \u2018Sp\u00e1s Urna\u00ed\u2019 toisc go mb\u00edonn ceann acu ina seomra ranga.<\/li>\n<li>Cuir umar uisce coisricthe ag doras an t\u00ed agus beannaigh t\u00fa f\u00e9in nuair a fh\u00e1gann t\u00fa an teach.<\/li>\n<li>D\u00e9an gn\u00edomhartha de chine\u00e1ltas le do ph\u00e1iste &#8211; mar shampla cuid d\u00e1 mbr\u00e9ag\u00e1in\/\u00e9ada\u00ed maithe a thabhairt do shiopa carthanais \u00e1iti\u00fail.<\/li>\n<li>Comhartha na Croise a ghearradh ort f\u00e9in nuair a th\u00e9ann t\u00fa thar s\u00e9ip\u00e9al.<\/li>\n<li>Cuairt a thabhairt ar an s\u00e9ip\u00e9al ag am ci\u00fain agus comhr\u00e1 a dh\u00e9anamh le do ph\u00e1iste faoin m\u00e9id a fheiceann siad ann.<\/li>\n<li>Tabhair do ph\u00e1iste ar Aifreann.<\/li>\n<li>Guigh paidreacha simpl\u00ed le do ph\u00e1iste, mar shampla <em>Paidir na Maidine<\/em>\/<em>Paidir na hO\u00edche,<\/em> <em>Alt\u00fa roimh Bhia<\/em> \/<em>Alt\u00fa tar \u00e9is Bia<\/em> agus <em>An Phaidir<\/em>\/agus <em>S\u00e9 do Bheatha, a Mhuire <\/em>mar theaghlach.<\/li>\n<\/ul>\n<p>Chun sampla den chl\u00e1r do Na\u00edon\u00e1in Sh\u00f3isearacha a \u00edosl\u00f3d\u00e1il clice\u00e1il <span style=\"text-decoration: underline;\">anseo<\/span><\/p>\n<p><span style=\"text-decoration: underline;\">\u00a0<\/span><\/p>\n<p>Chun sampla den chl\u00e1r do Na\u00edon\u00e1in Shinsearacha a \u00edosl\u00f3d\u00e1il clice\u00e1il <span style=\"text-decoration: underline;\">anseo<\/span><\/p>\n<p><span style=\"text-decoration: underline;\">\u00a0<\/span><\/p>\n<p><span style=\"text-decoration: underline;\">\u00a0<\/span><\/p>","protected":false},"excerpt":{"rendered":"<p>\u00a0I nGr\u00e1 D\u00e9 T\u00fas eolais do Thuismitheoir\u00ed agus Teaghlaigh F\u00e1ilte chuig l\u00e1ithre\u00e1n gr\u00e9as\u00e1in I nGr\u00e1 D\u00e9. T\u00e1 s\u00fail againn go dtabharfaidh an leathanach seo roinnt eolais duit faoin sraith I nGr\u00e1 D\u00e9. M\u00e1 t\u00e1 do ph\u00e1iste ag baint \u00fas\u00e1id as I nGr\u00e1 D\u00e9 ar scoil, t\u00e1 s\u00e9\/s\u00ed ag freastal ar scoil Chaitliceach is d\u00f3cha. I [&hellip;]<\/p>\n","protected":false},"author":1,"featured_media":0,"parent":0,"menu_order":0,"comment_status":"closed","ping_status":"open","template":"","meta":{"_acf_changed":false,"footnotes":""},"class_list":["post-758","page","type-page","status-publish","hentry"],"acf":[],"_links":{"self":[{"href":"https:\/\/www.growinlove.ie\/ga\/wp-json\/wp\/v2\/pages\/758","targetHints":{"allow":["GET"]}}],"collection":[{"href":"https:\/\/www.growinlove.ie\/ga\/wp-json\/wp\/v2\/pages"}],"about":[{"href":"https:\/\/www.growinlove.ie\/ga\/wp-json\/wp\/v2\/types\/page"}],"author":[{"embeddable":true,"href":"https:\/\/www.growinlove.ie\/ga\/wp-json\/wp\/v2\/users\/1"}],"replies":[{"embeddable":true,"href":"https:\/\/www.growinlove.ie\/ga\/wp-json\/wp\/v2\/comments?post=758"}],"version-history":[{"count":0,"href":"https:\/\/www.growinlove.ie\/ga\/wp-json\/wp\/v2\/pages\/758\/revisions"}],"wp:attachment":[{"href":"https:\/\/www.growinlove.ie\/ga\/wp-json\/wp\/v2\/media?parent=758"}],"curies":[{"name":"wp","href":"https:\/\/api.w.org\/{rel}","templated":true}]}}