
{"id":2154,"date":"2017-05-29T15:15:41","date_gmt":"2017-05-29T15:15:41","guid":{"rendered":"http:\/\/www.growinlove.ie\/?page_id=2154"},"modified":"2021-09-10T11:39:37","modified_gmt":"2021-09-10T10:39:37","slug":"downloadable-resources","status":"publish","type":"page","link":"https:\/\/www.growinlove.ie\/ga\/downloadable-resources\/","title":{"rendered":"Acmhain\u00ed in-\u00edosl\u00f3d\u00e1ilte"},"content":{"rendered":"<p>An Athmhuintearais agus An Ch\u00e9ad Chomaoineach<\/p>\n<p><a href=\"http:\/\/www.growinlove.ie\/wp-content\/uploads\/2021\/02\/Bileog-Ullmhuchain-Liotuirge-do-cheiliuradh-La-an-Chead-Chomaoineach-le-linn-Aifreann-an-Domhnaigh.pdf\">Bileog Ullmh\u00fach\u00e1in Liot\u00fairge-do cheili\u00faradh L\u00e1 an Ch\u00e9ad Chomaoineach le linn Aifreann an Domhnaigh<\/a><\/p>\n<p><a href=\"http:\/\/www.growinlove.ie\/wp-content\/uploads\/2021\/02\/Bileog-Ullmhuchain-Liotuirge-lasmuigh-dAifreann.pdf\">Bileog Ullmh\u00fach\u00e1in Liot\u00fairge-lasmuigh d&#8217;Aifreann<\/a><\/p>\n<p><a href=\"http:\/\/www.growinlove.ie\/wp-content\/uploads\/2021\/02\/Bileog-Ullmhuchain-Liotuirge-Sacraimint-an-Athmhuintearais-don-Chead-Uair.pdf\">Bileog Ullmh\u00fach\u00e1in Liot\u00fairge-Sacraimint an Athmhuintearais don Ch\u00e9ad Uair<\/a><\/p>\n<p><a href=\"http:\/\/www.growinlove.ie\/wp-content\/uploads\/2021\/02\/Le\u0301achtai\u0301-Molta-do-Cheiliu\u0301radh.pdf\">Le\u0301achtai\u0301 Molta do Cheiliu\u0301radh<\/a><a href=\"http:\/\/www.growinlove.ie\/wp-content\/uploads\/2021\/02\/Le\u0301achtai\u0301-Molta-do_Eucharist.pdf\">Le\u0301achtai\u0301 Molta do_Eucharist<\/a><\/p>\n<p><a href=\"http:\/\/www.growinlove.ie\/wp-content\/uploads\/2021\/02\/Iarrtho\u0301iri\u0301-a-chla\u0301ru\u0301-lasmuigh-dAif-an-Domhnaighoutside.pdf\">Iarrtho\u0301iri\u0301 a chla\u0301ru\u0301 lasmuigh d&#8217;Aifreann an Domhnaigh<\/a><\/p>\n<p><a href=\"http:\/\/www.growinlove.ie\/wp-content\/uploads\/2021\/02\/Iarrtho\u0301iri\u0301-a-chla\u0301ru\u0301-mar-chuid-dAif-an-DomhnaighWithin.pdf\">Iarrtho\u0301iri\u0301 a chla\u0301ru\u0301 mar chuid d&#8217;Aifreann an Domhnaigh<\/a><\/p>\n<p>An Ch\u00f3ineataithe<\/p>\n<p><a href=\"http:\/\/www.growinlove.ie\/wp-content\/uploads\/2021\/09\/Liotuirgi-Coineartaithe-Reamhra.pdf\">Liot\u00fairg\u00ed C\u00f3ineartaithe R\u00e9amhr\u00e1<\/a><\/p>\n<p><a href=\"http:\/\/www.growinlove.ie\/wp-content\/uploads\/2021\/09\/Sacraimint-an-Choineartaithe-Laistigh-den-Aifreann.pdf\">Sacraimint an Ch\u00f3ineartaithe (Laistigh den Aifreann)<\/a><\/p>\n<p><a href=\"http:\/\/www.growinlove.ie\/wp-content\/uploads\/2021\/09\/Sacraimint-an-Choineartaithe-Lasmuigh-den-Aifreann.pdf\">Sacraimint an Ch\u00f3ineartaithe (Lasmuigh den Aifreann)<\/a><\/p>\n<p><a href=\"http:\/\/www.growinlove.ie\/wp-content\/uploads\/2021\/09\/Iarrthoiri-a-Chlaru-Laistigh-den-Aifreann.pdf\">Iarrth\u00f3ir\u00ed a Chl\u00e1r\u00fa (Laistigh den Aifreann)<\/a><\/p>\n<p><a href=\"http:\/\/www.growinlove.ie\/wp-content\/uploads\/2021\/09\/IarrthoiriI-a-chlaru-Lasmuigh-den-Aifreann.pdf\">Iarrth\u00f3ir\u00edI a chl\u00e1r\u00fa (Lasmuigh den Aifreann)<\/a><\/p>\n<p><a href=\"http:\/\/www.growinlove.ie\/wp-content\/uploads\/2021\/09\/Mo-Mhoid-Staonta-ag-an-gCoineartu.pdf\">Mo Mh\u00f3id Staonta ag an gC\u00f3ineart\u00fa<\/a><\/p>\n<p><a href=\"http:\/\/www.growinlove.ie\/wp-content\/uploads\/2021\/09\/Mo-Ghealltanas-Coineartaithe.pdf\">Mo Ghealltanas C\u00f3ineartaithe<\/a><\/p>\n<p><a href=\"http:\/\/www.growinlove.ie\/wp-content\/uploads\/2021\/09\/Seirbhis-Gui-an-tSolais-Laistigh-den-Aifreann.pdf\">Seirbh\u00eds Gu\u00ed an tSolais (Laistigh den Aifreann)<\/a><\/p>\n<p><a href=\"http:\/\/www.growinlove.ie\/wp-content\/uploads\/2021\/09\/Seirbhis-Gui-an-tSolais.pdf\">Seirbh\u00eds Gu\u00ed an tSolais<\/a><\/p>\n<p>&nbsp;<\/p>\n<p>&nbsp;<\/p>\n<p>&nbsp;<\/p>\n<p>&nbsp;<\/p>\n<p>&nbsp;<\/p>\n<p>&nbsp;<\/p>","protected":false},"excerpt":{"rendered":"<p>An Athmhuintearais agus An Ch\u00e9ad Chomaoineach Bileog Ullmh\u00fach\u00e1in Liot\u00fairge-do cheili\u00faradh L\u00e1 an Ch\u00e9ad Chomaoineach le linn Aifreann an Domhnaigh Bileog Ullmh\u00fach\u00e1in Liot\u00fairge-lasmuigh d&#8217;Aifreann Bileog Ullmh\u00fach\u00e1in Liot\u00fairge-Sacraimint an Athmhuintearais don Ch\u00e9ad Uair Le\u0301achtai\u0301 Molta do Cheiliu\u0301radhLe\u0301achtai\u0301 Molta do_Eucharist Iarrtho\u0301iri\u0301 a chla\u0301ru\u0301 lasmuigh d&#8217;Aifreann an Domhnaigh Iarrtho\u0301iri\u0301 a chla\u0301ru\u0301 mar chuid d&#8217;Aifreann an Domhnaigh An Ch\u00f3ineataithe Liot\u00fairg\u00ed [&hellip;]<\/p>\n","protected":false},"author":1,"featured_media":52,"parent":0,"menu_order":0,"comment_status":"closed","ping_status":"closed","template":"","meta":{"_acf_changed":false,"footnotes":""},"class_list":["post-2154","page","type-page","status-publish","has-post-thumbnail","hentry"],"acf":[],"_links":{"self":[{"href":"https:\/\/www.growinlove.ie\/ga\/wp-json\/wp\/v2\/pages\/2154","targetHints":{"allow":["GET"]}}],"collection":[{"href":"https:\/\/www.growinlove.ie\/ga\/wp-json\/wp\/v2\/pages"}],"about":[{"href":"https:\/\/www.growinlove.ie\/ga\/wp-json\/wp\/v2\/types\/page"}],"author":[{"embeddable":true,"href":"https:\/\/www.growinlove.ie\/ga\/wp-json\/wp\/v2\/users\/1"}],"replies":[{"embeddable":true,"href":"https:\/\/www.growinlove.ie\/ga\/wp-json\/wp\/v2\/comments?post=2154"}],"version-history":[{"count":0,"href":"https:\/\/www.growinlove.ie\/ga\/wp-json\/wp\/v2\/pages\/2154\/revisions"}],"wp:featuredmedia":[{"embeddable":true,"href":"https:\/\/www.growinlove.ie\/ga\/wp-json\/wp\/v2\/media\/52"}],"wp:attachment":[{"href":"https:\/\/www.growinlove.ie\/ga\/wp-json\/wp\/v2\/media?parent=2154"}],"curies":[{"name":"wp","href":"https:\/\/api.w.org\/{rel}","templated":true}]}}