
{"id":2,"date":"2021-11-12T09:26:40","date_gmt":"2021-11-12T09:26:40","guid":{"rendered":"http:\/\/www.growinlove.ie\/?page_id=2"},"modified":"2021-11-12T10:14:56","modified_gmt":"2021-11-12T10:14:56","slug":"growinlove","status":"publish","type":"page","link":"https:\/\/www.growinlove.ie\/ga\/growinlove\/","title":{"rendered":"I nGr\u00e1 D\u00e9"},"content":{"rendered":"<p>Is \u00e9 I nGr\u00e1 D\u00e9 an tsraith nua bunscoile in oideachas reiligi\u00fanach \u00f3 Veritas. Sraith dathannach spra\u00ed\u00fail at\u00e1 inti chun cabhr\u00fa le p\u00e1ist\u00ed agus le teaghlaigh foghlaim faoin gcreideamh sa bhaile agus ar scoil. T\u00e1 an tsraith scr\u00edofa go speisialta le h\u00fas\u00e1id i scoileanna in \u00c9irinn agus t\u00e1 s\u00ed ceadaithe ag Comhdh\u00e1il Easpag Caitliceach na h\u00c9ireann.<\/p>","protected":false},"excerpt":{"rendered":"<p>Is \u00e9 I nGr\u00e1 D\u00e9 an tsraith nua bunscoile in oideachas reiligi\u00fanach \u00f3 Veritas. Sraith dathannach spra\u00ed\u00fail at\u00e1 inti chun cabhr\u00fa le p\u00e1ist\u00ed agus le teaghlaigh foghlaim faoin gcreideamh sa bhaile agus ar scoil. T\u00e1 an tsraith scr\u00edofa go speisialta le h\u00fas\u00e1id i scoileanna in \u00c9irinn agus t\u00e1 s\u00ed ceadaithe ag Comhdh\u00e1il Easpag Caitliceach na [&hellip;]<\/p>\n","protected":false},"author":1,"featured_media":0,"parent":0,"menu_order":0,"comment_status":"open","ping_status":"open","template":"","meta":{"_acf_changed":false,"footnotes":""},"class_list":["post-2","page","type-page","status-publish","hentry"],"acf":[],"_links":{"self":[{"href":"https:\/\/www.growinlove.ie\/ga\/wp-json\/wp\/v2\/pages\/2","targetHints":{"allow":["GET"]}}],"collection":[{"href":"https:\/\/www.growinlove.ie\/ga\/wp-json\/wp\/v2\/pages"}],"about":[{"href":"https:\/\/www.growinlove.ie\/ga\/wp-json\/wp\/v2\/types\/page"}],"author":[{"embeddable":true,"href":"https:\/\/www.growinlove.ie\/ga\/wp-json\/wp\/v2\/users\/1"}],"replies":[{"embeddable":true,"href":"https:\/\/www.growinlove.ie\/ga\/wp-json\/wp\/v2\/comments?post=2"}],"version-history":[{"count":0,"href":"https:\/\/www.growinlove.ie\/ga\/wp-json\/wp\/v2\/pages\/2\/revisions"}],"wp:attachment":[{"href":"https:\/\/www.growinlove.ie\/ga\/wp-json\/wp\/v2\/media?parent=2"}],"curies":[{"name":"wp","href":"https:\/\/api.w.org\/{rel}","templated":true}]}}